{"id":110,"date":"2026-03-20T14:48:21","date_gmt":"2026-03-20T14:48:21","guid":{"rendered":"https:\/\/greengift.pt\/welcome\/?page_id=110"},"modified":"2026-04-28T08:07:04","modified_gmt":"2026-04-28T08:07:04","slug":"sobre-nos","status":"publish","type":"page","link":"https:\/\/greengift.pt\/welcome\/sobre-nos\/","title":{"rendered":"Sobre n\u00f3s"},"content":{"rendered":"\n<div class=\"wp-block-group is-nowrap is-layout-flex wp-container-core-group-is-layout-6c531013 wp-block-group-is-layout-flex\">\n<h2 class=\"wp-block-heading\"><strong>Sobre n\u00f3s<\/strong><\/h2>\n\n\n\n<div style=\"height:100px;width:237px\" aria-hidden=\"true\" class=\"wp-block-spacer wp-container-content-85f1e6ce\"><\/div>\n\n\n<nav class=\"is-responsive items-justified-right wp-block-navigation is-content-justification-right is-layout-flex wp-container-core-navigation-is-layout-d445cf74 wp-block-navigation-is-layout-flex\" aria-label=\"Menu Cabe\u00e7alho 2\" \n\t\t data-wp-interactive=\"core\/navigation\" data-wp-context='{\"overlayOpenedBy\":{\"click\":false,\"hover\":false,\"focus\":false},\"type\":\"overlay\",\"roleAttribute\":\"\",\"ariaLabel\":\"Menu\"}'><button aria-haspopup=\"dialog\" aria-label=\"Abrir menu\" class=\"wp-block-navigation__responsive-container-open\" \n\t\t\t\tdata-wp-on--click=\"actions.openMenuOnClick\"\n\t\t\t\tdata-wp-on--keydown=\"actions.handleMenuKeydown\"\n\t\t\t><svg width=\"24\" height=\"24\" xmlns=\"http:\/\/www.w3.org\/2000\/svg\" viewBox=\"0 0 24 24\" aria-hidden=\"true\" focusable=\"false\"><path d=\"M4 7.5h16v1.5H4z\"><\/path><path d=\"M4 15h16v1.5H4z\"><\/path><\/svg><\/button>\n\t\t\t\t<div class=\"wp-block-navigation__responsive-container\"  id=\"modal-1\" \n\t\t\t\tdata-wp-class--has-modal-open=\"state.isMenuOpen\"\n\t\t\t\tdata-wp-class--is-menu-open=\"state.isMenuOpen\"\n\t\t\t\tdata-wp-watch=\"callbacks.initMenu\"\n\t\t\t\tdata-wp-on--keydown=\"actions.handleMenuKeydown\"\n\t\t\t\tdata-wp-on--focusout=\"actions.handleMenuFocusout\"\n\t\t\t\ttabindex=\"-1\"\n\t\t\t>\n\t\t\t\t\t<div class=\"wp-block-navigation__responsive-close\" tabindex=\"-1\">\n\t\t\t\t\t\t<div class=\"wp-block-navigation__responsive-dialog\" \n\t\t\t\tdata-wp-bind--aria-modal=\"state.ariaModal\"\n\t\t\t\tdata-wp-bind--aria-label=\"state.ariaLabel\"\n\t\t\t\tdata-wp-bind--role=\"state.roleAttribute\"\n\t\t\t>\n\t\t\t\t\t\t\t<button aria-label=\"Fechar menu\" class=\"wp-block-navigation__responsive-container-close\" \n\t\t\t\tdata-wp-on--click=\"actions.closeMenuOnClick\"\n\t\t\t><svg xmlns=\"http:\/\/www.w3.org\/2000\/svg\" viewBox=\"0 0 24 24\" width=\"24\" height=\"24\" aria-hidden=\"true\" focusable=\"false\"><path d=\"m13.06 12 6.47-6.47-1.06-1.06L12 10.94 5.53 4.47 4.47 5.53 10.94 12l-6.47 6.47 1.06 1.06L12 13.06l6.47 6.47 1.06-1.06L13.06 12Z\"><\/path><\/svg><\/button>\n\t\t\t\t\t\t\t<div class=\"wp-block-navigation__responsive-container-content\" \n\t\t\t\tdata-wp-watch=\"callbacks.focusFirstElement\"\n\t\t\t id=\"modal-1-content\">\n\t\t\t\t\t\t\t\t<ul class=\"wp-block-navigation__container is-responsive items-justified-right wp-block-navigation\"><li class=\" wp-block-navigation-item wp-block-navigation-link\"><a class=\"wp-block-navigation-item__content\"  href=\"https:\/\/greengift.pt\/welcome\"><span class=\"wp-block-navigation-item__label\">Inicio<\/span><\/a><\/li><li class=\" wp-block-navigation-item wp-block-navigation-link\"><a class=\"wp-block-navigation-item__content\"  href=\"https:\/\/greengift.pt\/welcome\/sobre-nos\/\"><span class=\"wp-block-navigation-item__label\">Sobre n\u00f3s<\/span><\/a><\/li><\/ul>\n\t\t\t\t\t\t\t<\/div>\n\t\t\t\t\t\t<\/div>\n\t\t\t\t\t<\/div>\n\t\t\t\t<\/div><\/nav><\/div>\n\n\n\n<div style=\"height:10px\" aria-hidden=\"true\" class=\"wp-block-spacer\"><\/div>\n\n\n\n<figure class=\"wp-block-image aligncenter is-resized\"><img loading=\"lazy\" decoding=\"async\" width=\"1024\" height=\"303\" src=\"https:\/\/greengift.pt\/welcome\/wp-content\/uploads\/2026\/03\/Logo_Geniobras_2025-1024x303.png\" alt=\"\" class=\"wp-image-111\" style=\"aspect-ratio:3.3796261380164845;width:719px;height:auto\" srcset=\"https:\/\/greengift.pt\/welcome\/wp-content\/uploads\/2026\/03\/Logo_Geniobras_2025-1024x303.png 1024w, https:\/\/greengift.pt\/welcome\/wp-content\/uploads\/2026\/03\/Logo_Geniobras_2025-300x89.png 300w, https:\/\/greengift.pt\/welcome\/wp-content\/uploads\/2026\/03\/Logo_Geniobras_2025-768x227.png 768w, https:\/\/greengift.pt\/welcome\/wp-content\/uploads\/2026\/03\/Logo_Geniobras_2025-1536x455.png 1536w, https:\/\/greengift.pt\/welcome\/wp-content\/uploads\/2026\/03\/Logo_Geniobras_2025.png 1594w\" sizes=\"auto, (max-width: 1024px) 100vw, 1024px\" \/><\/figure>\n\n\n\n<div class=\"wp-block-group alignfull is-content-justification-center is-layout-constrained wp-block-group-is-layout-constrained\" style=\"margin-top:0;margin-bottom:0\">\n<div style=\"height:var(--wp--preset--spacing--20)\" aria-hidden=\"true\" class=\"wp-block-spacer\"><\/div>\n\n\n\n<p>Fundada em Abril de 2001, a <strong>Geniobras Lda <\/strong>\u00e9 uma empresa dedicada ao Fabrico de Embalagem Prim\u00e1ria e Secund\u00e1ria em Cartolina ou Papel.<\/p>\n\n\n\n<p>Desde a conce\u00e7\u00e3o ao desenvolvimento e produ\u00e7\u00e3o, a <strong>Geniobras oferece solu\u00e7\u00f5es inovadoras e sustent\u00e1veis, adaptadas \u00e0s exig\u00eancias dos diferentes mercados, atrav\u00e9s da marca Greengift<\/strong>. Garantimos um servi\u00e7o de excel\u00eancia, apoiado pelo compromisso e dedica\u00e7\u00e3o de toda a nossa Equipa na promo\u00e7\u00e3o de pr\u00e1ticas respons\u00e1veis e amigas do ambiente.<\/p>\n\n\n\n<div class=\"wp-block-group alignwide is-layout-flow wp-block-group-is-layout-flow\">\n<div style=\"height:0px\" aria-hidden=\"true\" class=\"wp-block-spacer\"><\/div>\n<\/div>\n\n\n\n<div style=\"height:10px\" aria-hidden=\"true\" class=\"wp-block-spacer\"><\/div>\n<\/div>\n\n\n\n<div class=\"wp-block-group is-nowrap is-layout-flex wp-container-core-group-is-layout-5c4495dd wp-block-group-is-layout-flex\">\n<figure class=\"wp-block-image size-full is-resized\"><img loading=\"lazy\" decoding=\"async\" width=\"826\" height=\"934\" src=\"https:\/\/greengift.pt\/welcome\/wp-content\/uploads\/2026\/03\/FSC-Logo.png\" alt=\"\" class=\"wp-image-112\" style=\"aspect-ratio:0.8843725419332894;width:69px;height:auto\" srcset=\"https:\/\/greengift.pt\/welcome\/wp-content\/uploads\/2026\/03\/FSC-Logo.png 826w, https:\/\/greengift.pt\/welcome\/wp-content\/uploads\/2026\/03\/FSC-Logo-265x300.png 265w, https:\/\/greengift.pt\/welcome\/wp-content\/uploads\/2026\/03\/FSC-Logo-768x868.png 768w\" sizes=\"auto, (max-width: 826px) 100vw, 826px\" \/><\/figure>\n\n\n\n<p class=\"has-text-align-left has-primary-color has-text-color has-link-color wp-elements-5ffc3d5b70a8163816323b3b246085be\"><a href=\"https:\/\/search.fsc.org\/pt\/certificate\/a02f300000k3qYmAAI\/\" target=\"_blank\" rel=\"noreferrer noopener nofollow\">SA-COC-007270<\/a><\/p>\n\n\n\n<div class=\"wp-block-columns is-layout-flex wp-container-core-columns-is-layout-28f84493 wp-block-columns-is-layout-flex\">\n<div class=\"wp-block-column is-layout-flow wp-block-column-is-layout-flow\" style=\"flex-basis:100%\">\n<figure class=\"wp-block-image size-full\"><img loading=\"lazy\" decoding=\"async\" width=\"75\" height=\"75\" src=\"https:\/\/greengift.pt\/welcome\/wp-content\/uploads\/2026\/04\/PME_Lider_2024_3D_cores_75x75px.png\" alt=\"\" class=\"wp-image-163\"\/><\/figure>\n<\/div>\n<\/div>\n<\/div>\n\n\n\n<hr class=\"wp-block-separator has-alpha-channel-opacity\"\/>\n\n\n\n<p class=\"has-text-align-center\"><strong>Geniobras Lda<\/strong><br>Estrada V\u00e1rzea da Lapa 13, 2665-410 Venda do Pinheiro, Mafra, Portugal<br>(+351) 219 863 420 | geral@geniobras.pt | NIF: 505381532<\/p>\n\n\n\n<p><\/p>\n","protected":false},"excerpt":{"rendered":"<p>Sobre n\u00f3s Fundada em Abril de 2001, a Geniobras Lda \u00e9 uma empresa dedicada ao Fabrico de Embalagem Prim\u00e1ria e Secund\u00e1ria em Cartolina ou Papel. Desde a conce\u00e7\u00e3o ao desenvolvimento e produ\u00e7\u00e3o, a Geniobras oferece solu\u00e7\u00f5es inovadoras e sustent\u00e1veis, adaptadas \u00e0s exig\u00eancias dos diferentes mercados, atrav\u00e9s da marca Greengift. Garantimos um servi\u00e7o de excel\u00eancia, apoiado [&hellip;]<\/p>\n","protected":false},"author":1,"featured_media":68,"parent":0,"menu_order":0,"comment_status":"closed","ping_status":"closed","template":"blank","meta":{"footnotes":""},"class_list":["post-110","page","type-page","status-publish","has-post-thumbnail","hentry"],"_links":{"self":[{"href":"https:\/\/greengift.pt\/welcome\/wp-json\/wp\/v2\/pages\/110","targetHints":{"allow":["GET"]}}],"collection":[{"href":"https:\/\/greengift.pt\/welcome\/wp-json\/wp\/v2\/pages"}],"about":[{"href":"https:\/\/greengift.pt\/welcome\/wp-json\/wp\/v2\/types\/page"}],"author":[{"embeddable":true,"href":"https:\/\/greengift.pt\/welcome\/wp-json\/wp\/v2\/users\/1"}],"replies":[{"embeddable":true,"href":"https:\/\/greengift.pt\/welcome\/wp-json\/wp\/v2\/comments?post=110"}],"version-history":[{"count":13,"href":"https:\/\/greengift.pt\/welcome\/wp-json\/wp\/v2\/pages\/110\/revisions"}],"predecessor-version":[{"id":164,"href":"https:\/\/greengift.pt\/welcome\/wp-json\/wp\/v2\/pages\/110\/revisions\/164"}],"wp:featuredmedia":[{"embeddable":true,"href":"https:\/\/greengift.pt\/welcome\/wp-json\/wp\/v2\/media\/68"}],"wp:attachment":[{"href":"https:\/\/greengift.pt\/welcome\/wp-json\/wp\/v2\/media?parent=110"}],"curies":[{"name":"wp","href":"https:\/\/api.w.org\/{rel}","templated":true}]}}